{"id":97,"date":"2019-07-27T17:12:37","date_gmt":"2019-07-27T17:12:37","guid":{"rendered":"http:\/\/sebastianus-balkhausen.de\/?page_id=97"},"modified":"2026-01-08T21:45:47","modified_gmt":"2026-01-08T21:45:47","slug":"majestaeten-2019","status":"publish","type":"page","link":"https:\/\/sebastianus-balkhausen.de\/?page_id=97","title":{"rendered":"Majest\u00e4ten 2025 \/ 2026"},"content":{"rendered":"<h5 style=\"text-align: center;\"><\/h5>\n<p style=\"text-align: center;\"><span style=\"color: #008000; font-size: 1rem;\"><img decoding=\"async\" loading=\"lazy\" class=\"alignnone size-full wp-image-462\" src=\"http:\/\/sebastianus-balkhausen.de\/wp-content\/uploads\/2026\/01\/IMG_0366-scaled.jpeg\" alt=\"\" width=\"1440\" height=\"2560\" srcset=\"https:\/\/sebastianus-balkhausen.de\/wp-content\/uploads\/2026\/01\/IMG_0366-scaled.jpeg 1440w, https:\/\/sebastianus-balkhausen.de\/wp-content\/uploads\/2026\/01\/IMG_0366-169x300.jpeg 169w, https:\/\/sebastianus-balkhausen.de\/wp-content\/uploads\/2026\/01\/IMG_0366-768x1365.jpeg 768w, https:\/\/sebastianus-balkhausen.de\/wp-content\/uploads\/2026\/01\/IMG_0366-864x1536.jpeg 864w, https:\/\/sebastianus-balkhausen.de\/wp-content\/uploads\/2026\/01\/IMG_0366-1152x2048.jpeg 1152w\" sizes=\"(max-width: 706px) 89vw, (max-width: 767px) 82vw, 740px\" \/> <\/span><span style=\"color: #008000; font-size: 1rem;\">Jungsch\u00fctzenk\u00f6nig Tim Pesch mit Lena Wehnert und Sch\u00fctzenk\u00f6nig Jan-Niklas Pesch mit Nina Grannemann<\/span><\/p>\n<p style=\"text-align: center;\"><span style=\"color: #008000; font-size: 1rem;\"><br \/>\n<img decoding=\"async\" loading=\"lazy\" class=\"alignnone size-full wp-image-463\" src=\"http:\/\/sebastianus-balkhausen.de\/wp-content\/uploads\/2026\/01\/E2111D8E-6086-4371-9280-F5BBC76C687C.jpeg\" alt=\"\" width=\"739\" height=\"1600\" srcset=\"https:\/\/sebastianus-balkhausen.de\/wp-content\/uploads\/2026\/01\/E2111D8E-6086-4371-9280-F5BBC76C687C.jpeg 739w, https:\/\/sebastianus-balkhausen.de\/wp-content\/uploads\/2026\/01\/E2111D8E-6086-4371-9280-F5BBC76C687C-139x300.jpeg 139w, https:\/\/sebastianus-balkhausen.de\/wp-content\/uploads\/2026\/01\/E2111D8E-6086-4371-9280-F5BBC76C687C-709x1536.jpeg 709w\" sizes=\"(max-width: 739px) 100vw, 739px\" \/>B\u00fcrgerk\u00f6nigin Anneliese Schander<\/span><\/p>\n<p style=\"text-align: center;\">\n","protected":false},"excerpt":{"rendered":"<p>Jungsch\u00fctzenk\u00f6nig Tim Pesch mit Lena Wehnert und Sch\u00fctzenk\u00f6nig Jan-Niklas Pesch mit Nina Grannemann B\u00fcrgerk\u00f6nigin Anneliese Schander<\/p>\n","protected":false},"author":1,"featured_media":0,"parent":2,"menu_order":0,"comment_status":"closed","ping_status":"closed","template":"","meta":[],"_links":{"self":[{"href":"https:\/\/sebastianus-balkhausen.de\/index.php?rest_route=\/wp\/v2\/pages\/97"}],"collection":[{"href":"https:\/\/sebastianus-balkhausen.de\/index.php?rest_route=\/wp\/v2\/pages"}],"about":[{"href":"https:\/\/sebastianus-balkhausen.de\/index.php?rest_route=\/wp\/v2\/types\/page"}],"author":[{"embeddable":true,"href":"https:\/\/sebastianus-balkhausen.de\/index.php?rest_route=\/wp\/v2\/users\/1"}],"replies":[{"embeddable":true,"href":"https:\/\/sebastianus-balkhausen.de\/index.php?rest_route=%2Fwp%2Fv2%2Fcomments&post=97"}],"version-history":[{"count":27,"href":"https:\/\/sebastianus-balkhausen.de\/index.php?rest_route=\/wp\/v2\/pages\/97\/revisions"}],"predecessor-version":[{"id":464,"href":"https:\/\/sebastianus-balkhausen.de\/index.php?rest_route=\/wp\/v2\/pages\/97\/revisions\/464"}],"up":[{"embeddable":true,"href":"https:\/\/sebastianus-balkhausen.de\/index.php?rest_route=\/wp\/v2\/pages\/2"}],"wp:attachment":[{"href":"https:\/\/sebastianus-balkhausen.de\/index.php?rest_route=%2Fwp%2Fv2%2Fmedia&parent=97"}],"curies":[{"name":"wp","href":"https:\/\/api.w.org\/{rel}","templated":true}]}}