{"id":370,"date":"2023-04-25T17:41:26","date_gmt":"2023-04-25T17:41:26","guid":{"rendered":"https:\/\/sebastianus-balkhausen.de\/?page_id=370"},"modified":"2023-04-25T20:22:05","modified_gmt":"2023-04-25T20:22:05","slug":"lust-dabei-zu-sein","status":"publish","type":"page","link":"https:\/\/sebastianus-balkhausen.de\/?page_id=370","title":{"rendered":"Lust, dabei zu sein?"},"content":{"rendered":"<p>M\u00f6chtet Ihr gerne als aktives Mitglied dabei sein, oder uns als F\u00f6rdermitglied unterst\u00fctzen?<\/p>\n<p>Einfach den Aufnahmeantrag entsprechend ausf\u00fcllen und per E-Mail an:<\/p>\n<p><a href=\"mailto:geschaeftsfuehrer@sebastianus-balkhausen.de\">geschaeftsfuehrer@sebastianus-balkhausen.de<\/a><\/p>\n<p>schicken.<\/p>\n<p>Wir freuen uns auf Euch.<\/p>\n<p><a href=\"http:\/\/sebastianus-balkhausen.de\/wp-content\/uploads\/2023\/04\/2023-04-25-Aufnahmeantrag-Seb.-Balkhausen-Tuernich.pdf\" target=\"_blank\" rel=\"noopener\">2023-04-25 Aufnahmeantrag Seb. Balkhausen-T\u00fcrnich<\/a><\/p>\n<p><a href=\"http:\/\/sebastianus-balkhausen.de\/wp-content\/uploads\/2023\/04\/2023-04-25-Datenschutzerkla\u0308rung-Seb.-Balkhausen-Tuernich.pdf\" target=\"_blank\" rel=\"noopener\">2023-04-25 Datenschutzerkla\u0308rung Seb. Balkhausen-T\u00fcrnich<\/a><\/p>\n","protected":false},"excerpt":{"rendered":"<p>M\u00f6chtet Ihr gerne als aktives Mitglied dabei sein, oder uns als F\u00f6rdermitglied unterst\u00fctzen? Einfach den Aufnahmeantrag entsprechend ausf\u00fcllen und per E-Mail an: geschaeftsfuehrer@sebastianus-balkhausen.de schicken. Wir freuen uns auf Euch. 2023-04-25 Aufnahmeantrag Seb. Balkhausen-T\u00fcrnich 2023-04-25 Datenschutzerkla\u0308rung Seb. Balkhausen-T\u00fcrnich<\/p>\n","protected":false},"author":1,"featured_media":0,"parent":0,"menu_order":0,"comment_status":"closed","ping_status":"closed","template":"","meta":[],"_links":{"self":[{"href":"https:\/\/sebastianus-balkhausen.de\/index.php?rest_route=\/wp\/v2\/pages\/370"}],"collection":[{"href":"https:\/\/sebastianus-balkhausen.de\/index.php?rest_route=\/wp\/v2\/pages"}],"about":[{"href":"https:\/\/sebastianus-balkhausen.de\/index.php?rest_route=\/wp\/v2\/types\/page"}],"author":[{"embeddable":true,"href":"https:\/\/sebastianus-balkhausen.de\/index.php?rest_route=\/wp\/v2\/users\/1"}],"replies":[{"embeddable":true,"href":"https:\/\/sebastianus-balkhausen.de\/index.php?rest_route=%2Fwp%2Fv2%2Fcomments&post=370"}],"version-history":[{"count":10,"href":"https:\/\/sebastianus-balkhausen.de\/index.php?rest_route=\/wp\/v2\/pages\/370\/revisions"}],"predecessor-version":[{"id":383,"href":"https:\/\/sebastianus-balkhausen.de\/index.php?rest_route=\/wp\/v2\/pages\/370\/revisions\/383"}],"wp:attachment":[{"href":"https:\/\/sebastianus-balkhausen.de\/index.php?rest_route=%2Fwp%2Fv2%2Fmedia&parent=370"}],"curies":[{"name":"wp","href":"https:\/\/api.w.org\/{rel}","templated":true}]}}