{"id":144,"date":"2019-07-27T18:30:56","date_gmt":"2019-07-27T18:30:56","guid":{"rendered":"http:\/\/sebastianus-balkhausen.de\/?page_id=144"},"modified":"2021-12-22T18:43:23","modified_gmt":"2021-12-22T18:43:23","slug":"jugendabteilung","status":"publish","type":"page","link":"https:\/\/sebastianus-balkhausen.de\/?page_id=144","title":{"rendered":"Jugendabteilung"},"content":{"rendered":"\n<table id=\"tablepress-3\" class=\"tablepress tablepress-id-3\">\n<tbody>\n<tr class=\"row-1\">\n\t<td class=\"column-1\"><img src=\"http:\/\/sebastianus-balkhausen.de\/wp-content\/uploads\/2019\/07\/BieniasMarvin.jpg\" alt=\"\" width=\"147\" height=\"200\" class=\"alignnone size-full wp-image-145\" \/><br \/>\nMarvin Bienias<br \/>\n1. Jungsch\u00fctzenmeister<\/td><td class=\"column-2\"><img src=\"http:\/\/sebastianus-balkhausen.de\/wp-content\/uploads\/2019\/07\/UherekThorsten.jpg\" alt=\"\" width=\"150\" height=\"200\" class=\"alignnone size-full wp-image-146\" \/><br \/>\nThorsten Uherek<br \/>\n2. Jungsch\u00fctzenmeister<\/td>\n<\/tr>\n<\/tbody>\n<\/table>\n<!-- #tablepress-3 from cache -->\n<p>Hallo,<\/p>\n<p>mein Name ist Marvin Bienias und ich bin 1. Jungsch\u00fctzenmeister unserer Sch\u00fctzenbruderschaft. Gemeinsam mit Thorsten Uherek, dem 2. Jungsch\u00fctzenmeister, leite ich die Jugendabteilung.<\/p>\n<p>Bei den Sch\u00fctzen kann man viel erleben. Neben dem Leitfaden &#8220; F\u00fcr Glaube, Sitte, Heimat &#8220; kommt aber auch Spiel, Spa\u00df und Spannung nicht zu kurz. Die Sch\u00fctzenjugend veranstaltet j\u00e4hrlich viele soziale Aktionen und beteiligt sich an s\u00e4mtlichen Dorfveranstaltungen.<\/p>\n<p>Spiel und Spa\u00df erleben wir zum Beispiel bei Zeltlagern oder gemeinsam mit anderen Sch\u00fctzen auf den J\u00e4hrlich stattfindenden Bundesjungsch\u00fctzentagen. Spannung ist bei Schie\u00dfwettk\u00e4mpfen garantiert, ob bei Rundenwettk\u00e4mpfen oder bei den Schie\u00dfwettbewerben auf ausw\u00e4rtigen Sch\u00fctzenfesten.<\/p>\n<p>Sollte nun Dein Interesse geweckt sein komm doch einfach mal vorbei!<br \/>\nTraining ist jeden Mittwoch au\u00dferhalb der Ferien von 17:00 Uhr bis 19:00 Uhr im Sch\u00fctzenhaus, Ursfelderstra\u00dfe 39, Kerpen-T\u00fcrnich.<\/p>\n<p>Fragen, Info\u00b4s, Anregungen per Mail an <strong>marvin.bienias@web.de<\/strong>.<\/p>\n","protected":false},"excerpt":{"rendered":"<p>Hallo, mein Name ist Marvin Bienias und ich bin 1. Jungsch\u00fctzenmeister unserer Sch\u00fctzenbruderschaft. Gemeinsam mit Thorsten Uherek, dem 2. Jungsch\u00fctzenmeister, leite ich die Jugendabteilung. Bei den Sch\u00fctzen kann man viel erleben. Neben dem Leitfaden &#8220; F\u00fcr Glaube, Sitte, Heimat &#8220; kommt aber auch Spiel, Spa\u00df und Spannung nicht zu kurz. Die Sch\u00fctzenjugend veranstaltet j\u00e4hrlich viele &hellip; <\/p>\n<p class=\"link-more\"><a href=\"https:\/\/sebastianus-balkhausen.de\/?page_id=144\" class=\"more-link\"><span class=\"screen-reader-text\">\u201eJugendabteilung\u201c<\/span> weiterlesen<\/a><\/p>\n","protected":false},"author":1,"featured_media":0,"parent":0,"menu_order":0,"comment_status":"closed","ping_status":"closed","template":"","meta":[],"_links":{"self":[{"href":"https:\/\/sebastianus-balkhausen.de\/index.php?rest_route=\/wp\/v2\/pages\/144"}],"collection":[{"href":"https:\/\/sebastianus-balkhausen.de\/index.php?rest_route=\/wp\/v2\/pages"}],"about":[{"href":"https:\/\/sebastianus-balkhausen.de\/index.php?rest_route=\/wp\/v2\/types\/page"}],"author":[{"embeddable":true,"href":"https:\/\/sebastianus-balkhausen.de\/index.php?rest_route=\/wp\/v2\/users\/1"}],"replies":[{"embeddable":true,"href":"https:\/\/sebastianus-balkhausen.de\/index.php?rest_route=%2Fwp%2Fv2%2Fcomments&post=144"}],"version-history":[{"count":5,"href":"https:\/\/sebastianus-balkhausen.de\/index.php?rest_route=\/wp\/v2\/pages\/144\/revisions"}],"predecessor-version":[{"id":286,"href":"https:\/\/sebastianus-balkhausen.de\/index.php?rest_route=\/wp\/v2\/pages\/144\/revisions\/286"}],"wp:attachment":[{"href":"https:\/\/sebastianus-balkhausen.de\/index.php?rest_route=%2Fwp%2Fv2%2Fmedia&parent=144"}],"curies":[{"name":"wp","href":"https:\/\/api.w.org\/{rel}","templated":true}]}}