{"id":118,"date":"2019-07-27T17:37:48","date_gmt":"2019-07-27T17:37:48","guid":{"rendered":"http:\/\/sebastianus-balkhausen.de\/?page_id=118"},"modified":"2019-07-27T17:37:48","modified_gmt":"2019-07-27T17:37:48","slug":"dsgvo","status":"publish","type":"page","link":"https:\/\/sebastianus-balkhausen.de\/?page_id=118","title":{"rendered":"DSGVO"},"content":{"rendered":"<p><strong>Datenschutzklausel<\/strong><\/p>\n<p>(1) Mit dem Beitritt eines Mitglieds nimmt der Verein Daten zum Mitglied auf. Dabei handelt es sich unter anderem um folgende Angaben:<\/p>\n<p>Name, Kontaktdaten, Familienstand, Abteilung, Auszeichnungen; Bankverbindung und weitere dem Vereinszweck dienende Daten. Sonstige Informationen zu den Mitgliedern und Informationen \u00fcber Nichtmitglieder werden von dem Verein grunds\u00e4tzlich nur verarbeitet oder genutzt, wenn sie zur F\u00f6rderung des Vereinszweckes n\u00fctzlich sind und keine Anhaltspunkte bestehen, dass die betroffene Person ein schutzw\u00fcrdiges Interesse hat, das der Verarbeitung oder Nutzung entgegensteht.<\/p>\n<p>(2) Mit dem Beitritt erkl\u00e4rt sich das Mitglied einverstanden, dass die im Zusammenhang mit der Mitgliedschaft ben\u00f6tigten personenbezogenen Daten unter Ber\u00fccksichtigung der Vorgaben des Bundesdatenschutzgesetzes BDSG bzw. der kirchlichen Datenschutzanordnung KDO per EDV f\u00fcr den Verein erhoben, verarbeitet und genutzt werden. Ohne dieses Einverst\u00e4ndnis kann eine Mitgliedschaft nicht begr\u00fcndet werden.<\/p>\n<p>(3) Die \u00fcberlassenen personenbezogenen Daten d\u00fcrfen ausschlie\u00dflich f\u00fcr Vereinszwecke verwendet werden. Hierzu z\u00e4hlen insbesondere die Mitgliederverwaltung, die Durchf\u00fchrung des Schie\u00dfbetriebes, die \u00fcblichen Ver\u00f6ffentlichungen von Ergebnissen in der Presse, im Internet sowie Aush\u00e4nge am &#8222;Schwarzen Brett&#8220;. Eine anderweitige Verarbeitung oder Nutzung (z. B. \u00dcbermittlung an Dritte) ist &#8211; mit Ausnahme der erforderlichen Weitergabe von Angaben zur namentlichen Mitgliedermeldung an den Bund und zur Erlangung von Startberechtigungen an entsprechende Verb\u00e4nde &#8211; nicht zul\u00e4ssig.<\/p>\n<p>(4) Als Mitglied des Bund der Historischen Deutschen Sch\u00fctzenbruderschaften e.V. ist der Verein verpflichtet, seine Mitglieder an den Verband zu melden. \u00dcbermittelt werden dabei Name, Vorname, Geburtsdatum, Eintrittsdatum, Austrittsdatum und Vereinsmitgliedsnummer (sonstige Daten); bei Mitgliedern mit besonderen Aufgaben (z.B. Vorstandsmitglieder) die vollst\u00e4ndige Adresse mit Telefonnummer, E-Mail-Adresse sowie der Bezeichnung ihrer Funktion im Verein. Die namentliche Mitgliedermeldung erfolgt \u00fcber ein internetgest\u00fctztes Programmsystem.<\/p>\n<p>(5) Das einzelne Mitglied kann jederzeit gegen\u00fcber dem Vorstand Einw\u00e4nde gegen die Ver\u00f6ffentlichung seiner personenbezogenen Daten auf der Bruderschafts-Homepage erheben bzw. seine erteilte Einwilligung in die Ver\u00f6ffentlichung widerrufen. Im Falle eines Einwandes bzw. Widerrufs unterbleiben weitere Ver\u00f6ffentlichungen zu seiner Person. Personenbezogene Daten des widerrufenden Mitglieds werden von der Homepage des Vereins entfernt.<\/p>\n","protected":false},"excerpt":{"rendered":"<p>Datenschutzklausel (1) Mit dem Beitritt eines Mitglieds nimmt der Verein Daten zum Mitglied auf. Dabei handelt es sich unter anderem um folgende Angaben: Name, Kontaktdaten, Familienstand, Abteilung, Auszeichnungen; Bankverbindung und weitere dem Vereinszweck dienende Daten. Sonstige Informationen zu den Mitgliedern und Informationen \u00fcber Nichtmitglieder werden von dem Verein grunds\u00e4tzlich nur verarbeitet oder genutzt, wenn sie &hellip; <\/p>\n<p class=\"link-more\"><a href=\"https:\/\/sebastianus-balkhausen.de\/?page_id=118\" class=\"more-link\"><span class=\"screen-reader-text\">\u201eDSGVO\u201c<\/span> weiterlesen<\/a><\/p>\n","protected":false},"author":1,"featured_media":0,"parent":0,"menu_order":0,"comment_status":"closed","ping_status":"closed","template":"","meta":[],"_links":{"self":[{"href":"https:\/\/sebastianus-balkhausen.de\/index.php?rest_route=\/wp\/v2\/pages\/118"}],"collection":[{"href":"https:\/\/sebastianus-balkhausen.de\/index.php?rest_route=\/wp\/v2\/pages"}],"about":[{"href":"https:\/\/sebastianus-balkhausen.de\/index.php?rest_route=\/wp\/v2\/types\/page"}],"author":[{"embeddable":true,"href":"https:\/\/sebastianus-balkhausen.de\/index.php?rest_route=\/wp\/v2\/users\/1"}],"replies":[{"embeddable":true,"href":"https:\/\/sebastianus-balkhausen.de\/index.php?rest_route=%2Fwp%2Fv2%2Fcomments&post=118"}],"version-history":[{"count":1,"href":"https:\/\/sebastianus-balkhausen.de\/index.php?rest_route=\/wp\/v2\/pages\/118\/revisions"}],"predecessor-version":[{"id":119,"href":"https:\/\/sebastianus-balkhausen.de\/index.php?rest_route=\/wp\/v2\/pages\/118\/revisions\/119"}],"wp:attachment":[{"href":"https:\/\/sebastianus-balkhausen.de\/index.php?rest_route=%2Fwp%2Fv2%2Fmedia&parent=118"}],"curies":[{"name":"wp","href":"https:\/\/api.w.org\/{rel}","templated":true}]}}