{"id":110,"date":"2019-07-27T17:34:27","date_gmt":"2019-07-27T17:34:27","guid":{"rendered":"http:\/\/sebastianus-balkhausen.de\/?page_id=110"},"modified":"2023-04-07T07:43:06","modified_gmt":"2023-04-07T07:43:06","slug":"impressum","status":"publish","type":"page","link":"https:\/\/sebastianus-balkhausen.de\/?page_id=110","title":{"rendered":"Impressum"},"content":{"rendered":"<p>St. Sebastianus Sch\u00fctzenbruderschaft Balkhausen-T\u00fcrnich e.v. vertreten durch:<\/p>\n<p>Friedrich Tesch<br \/>\n1. Vorsitzender<br \/>\nOberweg 4<br \/>\n50169 Kerpen<br \/>\npraesident@sebastianus-balkhausen.de<\/p>\n<p>Andreas Schomers<br \/>\nGesch\u00e4ftsstelle<br \/>\nMatthias-Grell-Str. 3b<br \/>\n50374 Erftstadt<br \/>\ngeschaeftsf\u00fchrer@sebastianus-balkhausen.de<\/p>\n<p>Marcel Birkmeier<br \/>\nWebmaster<br \/>\nG\u00fccherweg 58<br \/>\n50169 Kerpen<br \/>\ninfo@sebastianus-balkhausen.de<\/p>\n<p>Die Sch\u00fctzenanlage befindet sich auf der<br \/>\nUrsfelderstra\u00dfe 39 in 50169 Kerpen-T\u00fcrnich.<\/p>\n<p>Die Inhalte unserer Seiten wurden mit gr\u00f6\u00dfter Sorgfalt erstellt. F\u00fcr die Richtigkeit, Vollst\u00e4ndigkeit und Aktualit\u00e4t der Inhalte k\u00f6nnen wir jedoch keine Gew\u00e4hr \u00fcbernehmen. Als Dienstanbieter sind wir gem\u00e4\u00df \u00a7 7 Abs.1 TMG f\u00fcr eigene Inhalte auf diesen Seiten nach den allgemeinen Gesetzen verantwortlich. Nach \u00a7\u00a7 8 bis 10 TMG sind wir als Dienstanbieter jedoch nicht verpflichtet, \u00fcbermittelte oder gespeicherte fremde Informationen zu \u00fcberwachen oder nach Umst\u00e4nden zu forschen, die auf eine rechtswidrige T\u00e4tigkeit hinweisen. Verpflichtungen zur Entfernung oder Sperrung der Nutzung von Informationen nach den allgemeinen Gesetzen bleiben hiervon unber\u00fchrt. Eine diesbez\u00fcgliche Haftung ist jedoch erst ab dem Zeitpunkt der Kenntnis einer konkreten Rechtsverletzung m\u00f6glich. Bei Bekannt werden von entsprechenden Rechtsverletzungen werden wir diese Inhalte umgehend entfernen.<\/p>\n<p>Haftung f\u00fcr Links:<br \/>\nUnser Angebot enth\u00e4lt Links zu externen Webseiten Dritter, auf deren Inhalte wir keinen Einfluss haben. Deshalb k\u00f6nnen wir f\u00fcr diese fremden Inhalte auch keine Gew\u00e4hr \u00fcbernehmen. F\u00fcr die Inhalte der verlinkten Seiten ist stets der jeweilige Anbieter oder Betreiber der Seiten verantwortlich. Die verlinkten Seiten wurden zum Zeitpunkt der Verlinkung auf m\u00f6gliche Rechtsverst\u00f6\u00dfe \u00fcberpr\u00fcft. Rechtswidrige Inhalte waren zum Zeitpunkt der Verlinkung nicht erkennbar. Eine permanente inhaltliche Kontrolle der verlinkten Seiten ist jedoch ohne konkrete Anhaltspunkte einer Rechtsverletzung nicht zumutbar. Bei Bekannt werden von Rechtsverletzungen werden wir derartige Links umgehend entfernen.<\/p>\n<p>Urheberrecht:<br \/>\nDie durch die Seitenbetreiber erstellten Inhalte und Werke auf diesen Seiten unterliegen dem deutschen Urheberrecht. Die Vervielf\u00e4ltigung, Bearbeitung, Verbreitung und jede Art der Verwertung au\u00dferhalb der Grenzen des Urheberrechtes bed\u00fcrfen der schriftlichen Zustimmung des jeweiligen Autors bzw. Ersthellers. Downloads und Kopien dieser Seite sind nur f\u00fcr den privaten, nicht kommerziellen Gebrauch gestattet. Soweit die Inhalte auf dieser Seite nicht vom Betreiber erstellt wurden, werden die Urheberrechte Dritter beachtet. Insbesondere werden Inhalte Dritter als solche gekennzeichnet. Sollten Sie trotzdem auf eine Urheberrechtsverletzung aufmerksam werden, bitten wir um einen entsprechenden Hinweis. Bei Bekannt werden von Rechtsverletzungen werden wir derartige Inhalte umgehend entfernen.<\/p>\n","protected":false},"excerpt":{"rendered":"<p>St. Sebastianus Sch\u00fctzenbruderschaft Balkhausen-T\u00fcrnich e.v. vertreten durch: Friedrich Tesch 1. Vorsitzender Oberweg 4 50169 Kerpen praesident@sebastianus-balkhausen.de Andreas Schomers Gesch\u00e4ftsstelle Matthias-Grell-Str. 3b 50374 Erftstadt geschaeftsf\u00fchrer@sebastianus-balkhausen.de Marcel Birkmeier Webmaster G\u00fccherweg 58 50169 Kerpen info@sebastianus-balkhausen.de Die Sch\u00fctzenanlage befindet sich auf der Ursfelderstra\u00dfe 39 in 50169 Kerpen-T\u00fcrnich. Die Inhalte unserer Seiten wurden mit gr\u00f6\u00dfter Sorgfalt erstellt. F\u00fcr die Richtigkeit, &hellip; <\/p>\n<p class=\"link-more\"><a href=\"https:\/\/sebastianus-balkhausen.de\/?page_id=110\" class=\"more-link\"><span class=\"screen-reader-text\">\u201eImpressum\u201c<\/span> weiterlesen<\/a><\/p>\n","protected":false},"author":1,"featured_media":0,"parent":0,"menu_order":0,"comment_status":"closed","ping_status":"closed","template":"","meta":[],"_links":{"self":[{"href":"https:\/\/sebastianus-balkhausen.de\/index.php?rest_route=\/wp\/v2\/pages\/110"}],"collection":[{"href":"https:\/\/sebastianus-balkhausen.de\/index.php?rest_route=\/wp\/v2\/pages"}],"about":[{"href":"https:\/\/sebastianus-balkhausen.de\/index.php?rest_route=\/wp\/v2\/types\/page"}],"author":[{"embeddable":true,"href":"https:\/\/sebastianus-balkhausen.de\/index.php?rest_route=\/wp\/v2\/users\/1"}],"replies":[{"embeddable":true,"href":"https:\/\/sebastianus-balkhausen.de\/index.php?rest_route=%2Fwp%2Fv2%2Fcomments&post=110"}],"version-history":[{"count":9,"href":"https:\/\/sebastianus-balkhausen.de\/index.php?rest_route=\/wp\/v2\/pages\/110\/revisions"}],"predecessor-version":[{"id":365,"href":"https:\/\/sebastianus-balkhausen.de\/index.php?rest_route=\/wp\/v2\/pages\/110\/revisions\/365"}],"wp:attachment":[{"href":"https:\/\/sebastianus-balkhausen.de\/index.php?rest_route=%2Fwp%2Fv2%2Fmedia&parent=110"}],"curies":[{"name":"wp","href":"https:\/\/api.w.org\/{rel}","templated":true}]}}